{"id":81,"date":"2023-11-23T13:04:45","date_gmt":"2023-11-23T12:04:45","guid":{"rendered":"https:\/\/tolgyesinorbert.hu\/?page_id=81"},"modified":"2026-03-28T09:52:35","modified_gmt":"2026-03-28T08:52:35","slug":"rolam","status":"publish","type":"page","link":"https:\/\/tolgyesinorbert.hu\/?page_id=81","title":{"rendered":"R\u00f3lam"},"content":{"rendered":"\n<p>T\u00f6lgyesi Norbert vagyok, 1983-ban sz\u00fclettem B\u00e9k\u00e9scsab\u00e1n. M\u0171szaki informatika szakon v\u00e9geztem a tanulm\u00e1nyaimat a Szegedi Tudom\u00e1nyegyetemen (mesters\u00e9ges intelligencia \u00e9s elosztott rendszerek szakir\u00e1nyokon, egy \u00e9v kit\u00e9r\u0151vel a Budapesti M\u0171szaki Egyetemen). Jelenleg az EPAM Systems Kft. vezet\u0151 szoftverfejleszt\u0151je vagyok 2013 \u00f3ta, ahol sz\u00e1mos projektben vettem r\u00e9szt k\u00fcl\u00f6nb\u00f6z\u0151 feladatk\u00f6r\u00f6kben. <\/p>\n\n\n\n<p><em>A munk\u00e1mban a sz\u00e1m\u00edt\u00f3g\u00e9pes programok mellett fontos sz\u00e1momra az \u00fczleti ig\u00e9nyek meg\u00e9rt\u00e9se \u00e9s maga az ember is. Igyekszem a k\u00fcl\u00f6nb\u00f6z\u0151 helyzetekben kell\u0151en empatikusnak \u00e9s rugalmasnak maradni, a hum\u00e1n ir\u00e1ny\u00fa \u00e9rdekl\u0151d\u00e9semet ezen a ter\u00fcleten is hasznos\u00edtani. Nagy hangs\u00falyt fektetek az olyan soft-skill ter\u00fcleteken val\u00f3 fejl\u0151d\u00e9sre, mint p\u00e9ld\u00e1ul a kommunik\u00e1ci\u00f3, az el\u0151ad\u00e1sm\u00f3d, a story-telling, a csapatmunka, a konfliktuskezel\u00e9s vagy a probl\u00e9mamegold\u00e1s. <\/em><\/p>\n\n\n\n<p>\u00c9desany\u00e1m Belaruszb\u00f3l sz\u00e1rmaz\u00f3 divattervez\u0151 \u00e9s rajztan\u00e1r, \u00e9desap\u00e1m melank\u00f3likus magyar g\u00e9p\u00e9szm\u00e9rn\u00f6k volt, h\u00e1nyattatott sors jutott nekik, nek\u00fcnk, m\u00e9gis rengeteget kaptam t\u0151l\u00fck. Az \u00e9vek sor\u00e1n a tanulm\u00e1nyaim \u00e9s a munka mellett sokat foglalkoztam zen\u00e9vel, \u00edr\u00e1ssal \u00e9s k\u00e9pz\u0151m\u0171v\u00e9szettel is, amik t\u00f6bb\u00e9-kev\u00e9sb\u00e9 mindig az \u00e9letem r\u00e9szei voltak. F\u0151leg ezen projektek bemutat\u00e1s\u00e1t \u00e9s egy helyre gy\u0171jt\u00e9s\u00e9t t\u0171ztem ki az oldal c\u00e9lj\u00e1ul, tov\u00e1bb\u00e1 egyfajta szem\u00e9lyes blognak is helyet szeretn\u00e9k adni a fel\u00fcleten.<\/p>\n\n\n\n<p>Az oldalon tal\u00e1lhat\u00f3 b\u00e1rmilyen \u00edr\u00e1s \u00e9s k\u00e9p csak az el\u0151zetes enged\u00e9lyemmel haszn\u00e1lhat\u00f3 fel!<\/p>\n","protected":false},"excerpt":{"rendered":"<p class=\"post-excerpt\">T\u00f6lgyesi Norbert vagyok, 1983-ban sz\u00fclettem B\u00e9k\u00e9scsab\u00e1n. M\u0171szaki informatika szakon v\u00e9geztem a tanulm\u00e1nyaimat a Szegedi Tudom\u00e1nyegyetemen (mesters\u00e9ges intelligencia \u00e9s elosztott rendszerek&#8230;<\/p>\n","protected":false},"author":1,"featured_media":0,"parent":0,"menu_order":0,"comment_status":"closed","ping_status":"closed","template":"","meta":{"footnotes":""},"class_list":["post-81","page","type-page","status-publish","hentry"],"_links":{"self":[{"href":"https:\/\/tolgyesinorbert.hu\/index.php?rest_route=\/wp\/v2\/pages\/81","targetHints":{"allow":["GET"]}}],"collection":[{"href":"https:\/\/tolgyesinorbert.hu\/index.php?rest_route=\/wp\/v2\/pages"}],"about":[{"href":"https:\/\/tolgyesinorbert.hu\/index.php?rest_route=\/wp\/v2\/types\/page"}],"author":[{"embeddable":true,"href":"https:\/\/tolgyesinorbert.hu\/index.php?rest_route=\/wp\/v2\/users\/1"}],"replies":[{"embeddable":true,"href":"https:\/\/tolgyesinorbert.hu\/index.php?rest_route=%2Fwp%2Fv2%2Fcomments&post=81"}],"version-history":[{"count":29,"href":"https:\/\/tolgyesinorbert.hu\/index.php?rest_route=\/wp\/v2\/pages\/81\/revisions"}],"predecessor-version":[{"id":480,"href":"https:\/\/tolgyesinorbert.hu\/index.php?rest_route=\/wp\/v2\/pages\/81\/revisions\/480"}],"wp:attachment":[{"href":"https:\/\/tolgyesinorbert.hu\/index.php?rest_route=%2Fwp%2Fv2%2Fmedia&parent=81"}],"curies":[{"name":"wp","href":"https:\/\/api.w.org\/{rel}","templated":true}]}}